{"id":2307,"date":"2023-05-18T08:46:22","date_gmt":"2023-05-18T08:46:22","guid":{"rendered":"https:\/\/botanicdenia.com\/livre\/"},"modified":"2023-05-24T12:11:24","modified_gmt":"2023-05-24T12:11:24","slug":"livre","status":"publish","type":"page","link":"https:\/\/botanicdenia.com\/fr\/livre\/","title":{"rendered":"Livre"},"content":{"rendered":"\t\t<div data-elementor-type=\"wp-page\" data-elementor-id=\"2307\" class=\"elementor elementor-2307 elementor-2303\" data-elementor-post-type=\"page\">\n\t\t\t\t\t\t<section class=\"elementor-section elementor-top-section elementor-element elementor-element-d46645e elementor-section-content-middle elementor-section-boxed elementor-section-height-default elementor-section-height-default\" data-id=\"d46645e\" data-element_type=\"section\" data-e-type=\"section\">\n\t\t\t\t\t\t<div class=\"elementor-container elementor-column-gap-no\">\n\t\t\t\t\t<div class=\"elementor-column elementor-col-100 elementor-top-column elementor-element elementor-element-d57de48\" data-id=\"d57de48\" data-element_type=\"column\" data-e-type=\"column\">\n\t\t\t<div class=\"elementor-widget-wrap elementor-element-populated\">\n\t\t\t\t\t\t<div class=\"elementor-element elementor-element-9c3d169 elementor-widget elementor-widget-heading\" data-id=\"9c3d169\" data-element_type=\"widget\" data-e-type=\"widget\" data-widget_type=\"heading.default\">\n\t\t\t\t<div class=\"elementor-widget-container\">\n\t\t\t\t\t<h1 class=\"elementor-heading-title elementor-size-default\">Faire une r\u00e9servation<\/h1>\t\t\t\t<\/div>\n\t\t\t\t<\/div>\n\t\t\t\t<section class=\"elementor-section elementor-inner-section elementor-element elementor-element-9281e13 elementor-section-full_width elementor-section-height-default elementor-section-height-default\" data-id=\"9281e13\" data-element_type=\"section\" data-e-type=\"section\">\n\t\t\t\t\t\t<div class=\"elementor-container elementor-column-gap-custom\">\n\t\t\t\t\t<div class=\"elementor-column elementor-col-50 elementor-inner-column elementor-element elementor-element-b6b9507\" data-id=\"b6b9507\" data-element_type=\"column\" data-e-type=\"column\">\n\t\t\t<div class=\"elementor-widget-wrap elementor-element-populated\">\n\t\t\t\t\t\t<div class=\"elementor-element elementor-element-03ca1c7 elementor-widget elementor-widget-heading\" data-id=\"03ca1c7\" data-element_type=\"widget\" data-e-type=\"widget\" data-widget_type=\"heading.default\">\n\t\t\t\t<div class=\"elementor-widget-container\">\n\t\t\t\t\t<h2 class=\"elementor-heading-title elementor-size-xl\">Tout en un !\n<\/h2>\t\t\t\t<\/div>\n\t\t\t\t<\/div>\n\t\t\t\t<div class=\"elementor-element elementor-element-1aa28ce elementor-widget elementor-widget-heading\" data-id=\"1aa28ce\" data-element_type=\"widget\" data-e-type=\"widget\" data-widget_type=\"heading.default\">\n\t\t\t\t<div class=\"elementor-widget-container\">\n\t\t\t\t\t<h2 class=\"elementor-heading-title elementor-size-default\">Botanic Restaurant &amp; Club<\/h2>\t\t\t\t<\/div>\n\t\t\t\t<\/div>\n\t\t\t\t<div class=\"elementor-element elementor-element-10ccaa8 elementor-widget elementor-widget-text-editor\" data-id=\"10ccaa8\" data-element_type=\"widget\" data-e-type=\"widget\" data-widget_type=\"text-editor.default\">\n\t\t\t\t<div class=\"elementor-widget-container\">\n\t\t\t\t\t\t\t\t\t<p style=\"text-align: center;\">Apr\u00e8s avoir appr\u00e9ci\u00e9 les d\u00eeners, continuez la soir\u00e9e avec nous ! Nous vous proposons deux types d&rsquo;environnement diff\u00e9rents. Botanic Club &#8211; Botanic Lounge<\/p><p style=\"text-align: center;\"><strong>LOUNGE:<\/strong> Poursuivez la soir\u00e9e \u00e0 votre table dans une atmosph\u00e8re chaleureuse, conviviale et amusante. Avec la meilleure musique de fond. Nous vous recommandons de go\u00fbter \u00e0 nos cocktails signature !<\/p><p style=\"text-align: center;\"><strong>CLUB:<\/strong> \u00c0 minuit, Botanic devient un club o\u00f9 la danse et la boisson sont les ingr\u00e9dients principaux. D\u00e9couvrez nos menus de bouteilles de qualit\u00e9 sup\u00e9rieure et, bien s\u00fbr, nos Champanges. Les r\u00e9servations dans le restaurant le soir des vendredis, samedis et veilles de jours f\u00e9ri\u00e9s se terminent \u00e0 00h00 et n&rsquo;impliquent pas qu&rsquo;une table soit disponible pendant les heures d&rsquo;ouverture du Club. Apr\u00e8s 00h00, les tables qui n&rsquo;ont pas r\u00e9serv\u00e9 de bouteille peuvent \u00eatre retir\u00e9es et leurs occupants peuvent rester dans le Club jusqu&rsquo;\u00e0 l&rsquo;heure de fermeture, sans payer de droit d&rsquo;entr\u00e9e, dans la zone de la cour. Des espaces VIP sont disponibles. Consultez notre programme de DJ<\/p><p style=\"text-align: center;\">Consultez notre programme quotidien et choisissez votre ambiance pr\u00e9f\u00e9r\u00e9e.<\/p><p style=\"text-align: center;\">D\u00e9couvrez <a href=\"https:\/\/botanicdenia.com\/fr\/restaurant\/\"><strong>ici<\/strong><\/a> les diff\u00e9rents <a href=\"https:\/\/botanicdenia.com\/fr\/restaurant\/\"><strong>espaces du restaurant<\/strong><\/a>.<\/p>\t\t\t\t\t\t\t\t<\/div>\n\t\t\t\t<\/div>\n\t\t\t\t\t<\/div>\n\t\t<\/div>\n\t\t\t\t<div class=\"elementor-column elementor-col-50 elementor-inner-column elementor-element elementor-element-0390360\" data-id=\"0390360\" data-element_type=\"column\" data-e-type=\"column\">\n\t\t\t<div class=\"elementor-widget-wrap elementor-element-populated\">\n\t\t\t\t\t\t<div class=\"elementor-element elementor-element-dbc1d96 elementor-widget elementor-widget-html\" data-id=\"dbc1d96\" data-element_type=\"widget\" data-e-type=\"widget\" data-widget_type=\"html.default\">\n\t\t\t\t<div class=\"elementor-widget-container\">\n\t\t\t\t\t<iframe loading=\"lazy\" id=\"botanic-condadodenia\" title=\"R\u00e9servations\" src=\"https:\/\/www.covermanager.com\/reserve\/module_restaurant\/botanic-condadodenia\/spanish\" frameborder=\"0\" height=\"1500px\" width=\"100%\" onload=\"iFrameResize();\" scrolling=\"no\" style=\"overflow: hidden; height: 1500px;\"><\/iframe>\t\t\t\t<\/div>\n\t\t\t\t<\/div>\n\t\t\t\t<div class=\"elementor-element elementor-element-5f8d41c elementor-widget elementor-widget-text-editor\" data-id=\"5f8d41c\" data-element_type=\"widget\" data-e-type=\"widget\" data-widget_type=\"text-editor.default\">\n\t\t\t\t<div class=\"elementor-widget-container\">\n\t\t\t\t\t\t\t\t\t<p style=\"text-align: center;\">Le moment de la r\u00e9servation garantit que votre table sera disponible \u00e0 ce moment-l\u00e0. Toutefois, cette heure n&rsquo;est pas exacte et est susceptible d&rsquo;\u00eatre modifi\u00e9e. Les plats sont pr\u00e9par\u00e9s d\u00e8s que le serveur confirme la commande \u00e0 la cuisine. En cas d&rsquo;arriv\u00e9e tardive de plus de 15 minutes apr\u00e8s l&rsquo;heure de r\u00e9servation sans pr\u00e9avis, la table peut \u00eatre revendue. Pour les groupes de 15 personnes ou plus, appelez le 659 20 60 60 20.<\/p>\n\t\t\t\t\t\t\t\t<\/div>\n\t\t\t\t<\/div>\n\t\t\t\t\t<\/div>\n\t\t<\/div>\n\t\t\t\t\t<\/div>\n\t\t<\/section>\n\t\t\t\t\t<\/div>\n\t\t<\/div>\n\t\t\t\t\t<\/div>\n\t\t<\/section>\n\t\t\t\t<\/div>\n\t\t","protected":false},"excerpt":{"rendered":"<p>Faire une r\u00e9servation Tout en un ! Botanic Restaurant &amp; Club Apr\u00e8s avoir appr\u00e9ci\u00e9 les d\u00eeners, continuez la soir\u00e9e avec nous ! Nous vous proposons deux types d&rsquo;environnement diff\u00e9rents. Botanic Club &#8211; Botanic Lounge LOUNGE: Poursuivez la soir\u00e9e \u00e0 votre table dans une atmosph\u00e8re chaleureuse, conviviale et amusante. Avec la meilleure musique de fond. Nous [&hellip;]<\/p>\n","protected":false},"author":1,"featured_media":0,"parent":0,"menu_order":0,"comment_status":"closed","ping_status":"closed","template":"elementor_header_footer","meta":{"footnotes":""},"class_list":["post-2307","page","type-page","status-publish","hentry"],"_links":{"self":[{"href":"https:\/\/botanicdenia.com\/fr\/wp-json\/wp\/v2\/pages\/2307","targetHints":{"allow":["GET"]}}],"collection":[{"href":"https:\/\/botanicdenia.com\/fr\/wp-json\/wp\/v2\/pages"}],"about":[{"href":"https:\/\/botanicdenia.com\/fr\/wp-json\/wp\/v2\/types\/page"}],"author":[{"embeddable":true,"href":"https:\/\/botanicdenia.com\/fr\/wp-json\/wp\/v2\/users\/1"}],"replies":[{"embeddable":true,"href":"https:\/\/botanicdenia.com\/fr\/wp-json\/wp\/v2\/comments?post=2307"}],"version-history":[{"count":8,"href":"https:\/\/botanicdenia.com\/fr\/wp-json\/wp\/v2\/pages\/2307\/revisions"}],"predecessor-version":[{"id":2553,"href":"https:\/\/botanicdenia.com\/fr\/wp-json\/wp\/v2\/pages\/2307\/revisions\/2553"}],"wp:attachment":[{"href":"https:\/\/botanicdenia.com\/fr\/wp-json\/wp\/v2\/media?parent=2307"}],"curies":[{"name":"wp","href":"https:\/\/api.w.org\/{rel}","templated":true}]}}